{"id":124,"date":"2025-01-13T08:53:11","date_gmt":"2025-01-13T08:53:11","guid":{"rendered":"https:\/\/www.forretningsmodeludvikling.sdu.dk\/?page_id=124"},"modified":"2025-01-13T08:53:11","modified_gmt":"2025-01-13T08:53:11","slug":"gruppeovelse","status":"publish","type":"page","link":"https:\/\/www.forretningsmodeludvikling.sdu.dk\/?page_id=124","title":{"rendered":"Gruppe\u00f8velse"},"content":{"rendered":"\n<p>Form\u00e5let med \u00f8velsen med kanvasset er at I f\u00e5r en ramme til at overskue, gennemt\u00e6nke og visualisere jeres samlede forretning foran jer. Modellen g\u00f8r jeres nuv\u00e6rende forretning synlig og den er med til at I kan s\u00e6tte ord p\u00e5, hvor I st\u00e5r nu og hvor I gerne vil hen. Alts\u00e5 hvad er det I gerne vil udvikle\/forandre i jeres forretningsmodel? Hvilke aspekter af jeres virksomhed \u00f8nsker I s\u00e6rligt at dedikere tid og ressourcer til at udvikle?<\/p>\n\n\n\n<p>Fremgangsm\u00e5de: Print en A1 udgave af modellen og fyld post-it sedler p\u00e5 under hvert punkt. Skriv 2-4 punkter ud for hver af modellens 11 punkter, som beskriver de v\u00e6sentligste forhold under hvert af de 11 punkter.<\/p>\n\n\n\n<h2 class=\"wp-block-heading has-large-font-size\">Opsamling: Styrker og udfordringer ift. brug af Business Model Canvas<\/h2>\n\n\n\n<p>Form\u00e5let med modellen? At arbejde med indholdet under hvert af de 11 punkter giver jer et nyttigt v\u00e6rkt\u00f8j til at overskue jeres forretningsmodel. Tilf\u00f8jelserne s\u00e6tter jer ift. jeres omgivelser og fortid\/kompetencer.<\/p>\n\n\n\n<p>Hvad fungerer bedst ved brug af model?<\/p>\n\n\n\n<p>Hvad fungerer d\u00e5rligst ved brug af model?<\/p>\n\n\n\n<p>Gav arbejdet med modellen jer et overblik over jeres virksomhed og de omr\u00e5der I gerne vil have udviklet? Hvad virkede ikke? Er der noget v\u00e6sentligt som mangler?<\/p>\n\n\n\n<figure class=\"wp-block-image aligncenter size-full wp-duotone-duotone-5\"><img loading=\"lazy\" decoding=\"async\" width=\"400\" height=\"400\" src=\"https:\/\/www.forretningsmodeludvikling.sdu.dk\/wp-content\/uploads\/2025\/01\/infoboks.png\" alt=\"\" class=\"wp-image-130\" srcset=\"https:\/\/www.forretningsmodeludvikling.sdu.dk\/wp-content\/uploads\/2025\/01\/infoboks.png 400w, https:\/\/www.forretningsmodeludvikling.sdu.dk\/wp-content\/uploads\/2025\/01\/infoboks-300x300.png 300w, https:\/\/www.forretningsmodeludvikling.sdu.dk\/wp-content\/uploads\/2025\/01\/infoboks-150x150.png 150w\" sizes=\"auto, (max-width: 400px) 100vw, 400px\" \/><\/figure>\n","protected":false},"excerpt":{"rendered":"<p>Form\u00e5let med \u00f8velsen med kanvasset er at I f\u00e5r en ramme til at overskue, gennemt\u00e6nke og visualisere jeres samlede forretning foran jer. Modellen g\u00f8r jeres nuv\u00e6rende forretning synlig og den er med til at I kan s\u00e6tte ord p\u00e5, hvor I st\u00e5r nu og hvor I gerne vil hen. Alts\u00e5 hvad er det I gerne [&hellip;]<\/p>\n","protected":false},"author":2,"featured_media":0,"parent":0,"menu_order":0,"comment_status":"closed","ping_status":"closed","template":"","meta":{"footnotes":""},"class_list":["post-124","page","type-page","status-publish","hentry"],"_links":{"self":[{"href":"https:\/\/www.forretningsmodeludvikling.sdu.dk\/index.php?rest_route=\/wp\/v2\/pages\/124","targetHints":{"allow":["GET"]}}],"collection":[{"href":"https:\/\/www.forretningsmodeludvikling.sdu.dk\/index.php?rest_route=\/wp\/v2\/pages"}],"about":[{"href":"https:\/\/www.forretningsmodeludvikling.sdu.dk\/index.php?rest_route=\/wp\/v2\/types\/page"}],"author":[{"embeddable":true,"href":"https:\/\/www.forretningsmodeludvikling.sdu.dk\/index.php?rest_route=\/wp\/v2\/users\/2"}],"replies":[{"embeddable":true,"href":"https:\/\/www.forretningsmodeludvikling.sdu.dk\/index.php?rest_route=%2Fwp%2Fv2%2Fcomments&post=124"}],"version-history":[{"count":1,"href":"https:\/\/www.forretningsmodeludvikling.sdu.dk\/index.php?rest_route=\/wp\/v2\/pages\/124\/revisions"}],"predecessor-version":[{"id":133,"href":"https:\/\/www.forretningsmodeludvikling.sdu.dk\/index.php?rest_route=\/wp\/v2\/pages\/124\/revisions\/133"}],"wp:attachment":[{"href":"https:\/\/www.forretningsmodeludvikling.sdu.dk\/index.php?rest_route=%2Fwp%2Fv2%2Fmedia&parent=124"}],"curies":[{"name":"wp","href":"https:\/\/api.w.org\/{rel}","templated":true}]}}