{"id":175,"date":"2025-01-13T09:48:28","date_gmt":"2025-01-13T09:48:28","guid":{"rendered":"https:\/\/www.forretningsmodeludvikling.sdu.dk\/?page_id=175"},"modified":"2025-01-13T09:48:28","modified_gmt":"2025-01-13T09:48:28","slug":"gruppeovelse-2","status":"publish","type":"page","link":"https:\/\/www.forretningsmodeludvikling.sdu.dk\/?page_id=175","title":{"rendered":"Gruppe\u00f8velse"},"content":{"rendered":"\n<p>I skal nu arbejde med at tydeligg\u00f8re jeres kernekompetencer, motivation, mulighedsstruktur og timing af forandringstiltag for at skabe en forretningsmodeludvikling, der er konkurrencedygtig p\u00e5 markedet.<\/p>\n\n\n\n<p>Fremgangsm\u00e5de: Print en A1 udgave af C-MOST modellen i den f\u00f8rste cykliske variant og i varianten med \u2019pilene ovenfor\u2019. Fyld post-it sedler p\u00e5 under hvert af modellens punkter. Skriv 2-4 punkter som stikord til hver overskrifterne.<\/p>\n\n\n\n<p>G\u00e5 hvert punkt i C-MOST igennem og relater til jeres virksomhed, omgivelser og netv\u00e6rk (leverand\u00f8rer, kunder og konkurrenter)<\/p>\n\n\n\n<p>Hvori best\u00e5r \u00f8nsket om at forandre jer?<\/p>\n\n\n\n<p>Hvilke muligheder og udfordringer er forbundet med at tilpasse\/udvikle jeres forretningsmodel ift. dimensionerne fra C-MOST?<\/p>\n\n\n\n<p>Motivation &#8211; hvilke m\u00e5l har I sat op under BM?<\/p>\n\n\n\n<p>Kapabiliteter &#8211; hvori ligger jeres s\u00e6rlige styrker i jeres ressourcer, aktiviteter, v\u00e6rdiskabelse, indtjeningsmodel, leverand\u00f8rer, kunderelationer, kunder, kanaler, og netv\u00e6rksposition i jeres forretningsmodel?<\/p>\n\n\n\n<p>Opportunity structure \u2013 hvilke s\u00e6rlige markedsmuligheder kan udvikles?<\/p>\n\n\n\n<p>Timing &#8211; hvilken rolle spiller tiden\/timingen I jeres forandringsproces?<\/p>\n","protected":false},"excerpt":{"rendered":"<p>I skal nu arbejde med at tydeligg\u00f8re jeres kernekompetencer, motivation, mulighedsstruktur og timing af forandringstiltag for at skabe en forretningsmodeludvikling, der er konkurrencedygtig p\u00e5 markedet. Fremgangsm\u00e5de: Print en A1 udgave af C-MOST modellen i den f\u00f8rste cykliske variant og i varianten med \u2019pilene ovenfor\u2019. Fyld post-it sedler p\u00e5 under hvert af modellens punkter. Skriv 2-4 [&hellip;]<\/p>\n","protected":false},"author":2,"featured_media":0,"parent":0,"menu_order":0,"comment_status":"closed","ping_status":"closed","template":"","meta":{"footnotes":""},"class_list":["post-175","page","type-page","status-publish","hentry"],"_links":{"self":[{"href":"https:\/\/www.forretningsmodeludvikling.sdu.dk\/index.php?rest_route=\/wp\/v2\/pages\/175","targetHints":{"allow":["GET"]}}],"collection":[{"href":"https:\/\/www.forretningsmodeludvikling.sdu.dk\/index.php?rest_route=\/wp\/v2\/pages"}],"about":[{"href":"https:\/\/www.forretningsmodeludvikling.sdu.dk\/index.php?rest_route=\/wp\/v2\/types\/page"}],"author":[{"embeddable":true,"href":"https:\/\/www.forretningsmodeludvikling.sdu.dk\/index.php?rest_route=\/wp\/v2\/users\/2"}],"replies":[{"embeddable":true,"href":"https:\/\/www.forretningsmodeludvikling.sdu.dk\/index.php?rest_route=%2Fwp%2Fv2%2Fcomments&post=175"}],"version-history":[{"count":1,"href":"https:\/\/www.forretningsmodeludvikling.sdu.dk\/index.php?rest_route=\/wp\/v2\/pages\/175\/revisions"}],"predecessor-version":[{"id":181,"href":"https:\/\/www.forretningsmodeludvikling.sdu.dk\/index.php?rest_route=\/wp\/v2\/pages\/175\/revisions\/181"}],"wp:attachment":[{"href":"https:\/\/www.forretningsmodeludvikling.sdu.dk\/index.php?rest_route=%2Fwp%2Fv2%2Fmedia&parent=175"}],"curies":[{"name":"wp","href":"https:\/\/api.w.org\/{rel}","templated":true}]}}