{"id":220,"date":"2025-01-13T09:56:17","date_gmt":"2025-01-13T09:56:17","guid":{"rendered":"https:\/\/www.forretningsmodeludvikling.sdu.dk\/?page_id=220"},"modified":"2025-01-13T09:56:17","modified_gmt":"2025-01-13T09:56:17","slug":"opsamling-pa-bmc-og-c-most-modellerne","status":"publish","type":"page","link":"https:\/\/www.forretningsmodeludvikling.sdu.dk\/?page_id=220","title":{"rendered":"Opsamling p\u00e5 BMC og C-MOST modellerne"},"content":{"rendered":"\n<p>Generel videndeling om brug af modellen \u2013 fordele og ulemper<\/p>\n\n\n\n<p>Kunne I f\u00f8lge form\u00e5let med modellen? Var C-MOST et nyttigt v\u00e6rkt\u00f8j til at overskue jeres forretningsmodel? Hvad gav C-MOST modellen jer, som I ikke kunne finde i kanvasset? Lykkedes I med at f\u00e5 visualiseret jeres forretningsmodel ind i jeres kontekst\/\u00f8kosystem? Blev I skarpere p\u00e5 hvad I er s\u00e6rligt dygtige til (kapabiliteter) og hvad jeres motivation er for at skabe en forandring? Hvem er drivkr\u00e6ften bag motivationen \u2013 har I medarbejderne med? Blev I skarpere p\u00e5 timing og muligheder i jeres strategiske situation?<\/p>\n\n\n\n<p>Hvad fungerer bedst ved brug af model?<\/p>\n\n\n\n<p>Hvad fungerer d\u00e5rligst ved brug af model?<\/p>\n\n\n\n<h2 class=\"wp-block-heading has-large-font-size\">Refleksions\u00f8velse \u2013 Den gode kunde<\/h2>\n\n\n\n<p>Det er vigtigt at I er helt tydelige p\u00e5 hvad den gode kunde er for jer. Hvis I ikke ved det, s\u00e5 kan I heller ikke starte processen med at prioritere i kundebasen. S\u00e5 flyder det sammen og bliver tilf\u00e6ldigt, hvem der bliver jeres kunder og dermed hvem I bygger jeres forretning op omkring. Det er det modsatte af hvad vi gerne vil have jer til. Alts\u00e5, hvem er den gode kunde for lige pr\u00e6cis jeres typer virksomhed, omst\u00e6ndigheder, kompetencer mv.? I kan evt. benytte f\u00f8lgende kriterier i jeres indkredsning af hvem den gode kunde er:<\/p>\n\n\n\n<p>I kan afd\u00e6kke kundens \u00f8nsker (m\u00e5lbarhed).<\/p>\n\n\n\n<p>I har mulighed for at betjene kunden (tilg\u00e6ngelighed).<\/p>\n\n\n\n<p>Tydeligt hvordan kunden ligner\/adskiller sig fra andre kunder (respons).<\/p>\n\n\n\n<p>Matcher kundens og jeres \u00f8nsker hinanden (kompatibel).<\/p>\n\n\n\n<p>Har kunden en passende st\u00f8rrelse og indtjeningspotentiale (\u00f8konomisk b\u00e6redygtig)?<\/p>\n\n\n\n<p>Hvad karakteriserer en god kunde? Hvad g\u00f8r I for at pleje den gode kunde?<\/p>\n\n\n\n<p>\u00c9n gruppedeltager pr\u00e6senterer efterf\u00f8lgende \u2019p\u00e5 modul 2\u2019 for de andre.<\/p>\n\n\n\n<p>Blev I klarere p\u00e5 hvem den gode kunde er for jer?<\/p>\n\n\n\n<p>Blev n\u00f8dvendigheden af at I gennemf\u00f8rer prioriteringer i selektionen af kunderne tydeligere?<\/p>\n\n\n\n<p>Blev I skarpe p\u00e5, hvem I vil prioritere og hvem I ikke vil prioritere?<\/p>\n","protected":false},"excerpt":{"rendered":"<p>Generel videndeling om brug af modellen \u2013 fordele og ulemper Kunne I f\u00f8lge form\u00e5let med modellen? Var C-MOST et nyttigt v\u00e6rkt\u00f8j til at overskue jeres forretningsmodel? Hvad gav C-MOST modellen jer, som I ikke kunne finde i kanvasset? Lykkedes I med at f\u00e5 visualiseret jeres forretningsmodel ind i jeres kontekst\/\u00f8kosystem? Blev I skarpere p\u00e5 hvad [&hellip;]<\/p>\n","protected":false},"author":2,"featured_media":0,"parent":0,"menu_order":0,"comment_status":"closed","ping_status":"closed","template":"","meta":{"footnotes":""},"class_list":["post-220","page","type-page","status-publish","hentry"],"_links":{"self":[{"href":"https:\/\/www.forretningsmodeludvikling.sdu.dk\/index.php?rest_route=\/wp\/v2\/pages\/220","targetHints":{"allow":["GET"]}}],"collection":[{"href":"https:\/\/www.forretningsmodeludvikling.sdu.dk\/index.php?rest_route=\/wp\/v2\/pages"}],"about":[{"href":"https:\/\/www.forretningsmodeludvikling.sdu.dk\/index.php?rest_route=\/wp\/v2\/types\/page"}],"author":[{"embeddable":true,"href":"https:\/\/www.forretningsmodeludvikling.sdu.dk\/index.php?rest_route=\/wp\/v2\/users\/2"}],"replies":[{"embeddable":true,"href":"https:\/\/www.forretningsmodeludvikling.sdu.dk\/index.php?rest_route=%2Fwp%2Fv2%2Fcomments&post=220"}],"version-history":[{"count":1,"href":"https:\/\/www.forretningsmodeludvikling.sdu.dk\/index.php?rest_route=\/wp\/v2\/pages\/220\/revisions"}],"predecessor-version":[{"id":226,"href":"https:\/\/www.forretningsmodeludvikling.sdu.dk\/index.php?rest_route=\/wp\/v2\/pages\/220\/revisions\/226"}],"wp:attachment":[{"href":"https:\/\/www.forretningsmodeludvikling.sdu.dk\/index.php?rest_route=%2Fwp%2Fv2%2Fmedia&parent=220"}],"curies":[{"name":"wp","href":"https:\/\/api.w.org\/{rel}","templated":true}]}}