{"id":277,"date":"2025-01-13T10:25:01","date_gmt":"2025-01-13T10:25:01","guid":{"rendered":"https:\/\/www.forretningsmodeludvikling.sdu.dk\/?page_id=277"},"modified":"2025-01-13T10:25:01","modified_gmt":"2025-01-13T10:25:01","slug":"gruppeovelse-med-vaerditrekanten-og-kunderejsen","status":"publish","type":"page","link":"https:\/\/www.forretningsmodeludvikling.sdu.dk\/?page_id=277","title":{"rendered":"Gruppe\u00f8velse med v\u00e6rditrekanten og kunderejsen"},"content":{"rendered":"\n<p>Fremgangsm\u00e5de: Print A1 udgaver af v\u00e6rditrekanten og kunderejsen (to adskilte dokumenter) og fyld post-it sedler p\u00e5 under hvert punkt.<\/p>\n\n\n\n<p>Skriv 2-4 punkter som stikord til overskriften<\/p>\n\n\n\n<p>Hvilken v\u00e6rdi tilbyder jeres virksomhed for indev\u00e6rende? Brug v\u00e6rditrekanten &#8211; benyt v\u00e6rdidimensionerne fra v\u00e6rditrekanten. Hvem skaber vi v\u00e6rdi for? Hvilken v\u00e6rdi skal vi give vores kunder fremadrettet? Hvordan g\u00f8r vi en forskel ift. vores konkurrenter?<\/p>\n\n\n\n<p>Udfyld felterne undervejs i kunderejsen \u2013 hvad oplever kunden og hvad g\u00f8r I \u2019gennem kundens rejse i jeres virksomhed\u2019. Dvs. I pr\u00e6ciserer jeres kundev\u00e6rdiskabelse, mens I l\u00f8ser et behov hos kunden<\/p>\n\n\n\n<p>Hvordan kan der udvikles \u201dny\/anden\u201d v\u00e6rdi under kunderejsen?<\/p>\n\n\n\n<p>Hvad er konsekvenserne som f\u00f8lge af den \u00e6ndrede v\u00e6rdi for andre elementer i forretningsmodellen? Brug jeres tidligere udfyldte kanvas og g\u00e5 kort de 11 punkter igennem \u2013 hvordan \u00e6ndres jeres forretningsmodel sig, n\u00e5r I \u00e6ndrer jeres v\u00e6rdiskabelse og bliver tydelige p\u00e5 kundens rejse i jeres virksomhed? Skriv ned ved siden af i et separat dokument. I arbejder her ud fra to store kartoner med post-its p\u00e5 og skriver til i et separat dokument.<\/p>\n\n\n\n<p>Hvis I bruger BMC &#8211; er der nogle af aspekter af forretningsmodellen, der skal styrkes for at tilpasningen fungerer?<\/p>\n\n\n\n<figure class=\"wp-block-image aligncenter size-full wp-duotone-duotone-5\"><img loading=\"lazy\" decoding=\"async\" width=\"400\" height=\"400\" src=\"https:\/\/www.forretningsmodeludvikling.sdu.dk\/wp-content\/uploads\/2025\/01\/vaedi-og-kunde.png\" alt=\"\" class=\"wp-image-283\" srcset=\"https:\/\/www.forretningsmodeludvikling.sdu.dk\/wp-content\/uploads\/2025\/01\/vaedi-og-kunde.png 400w, https:\/\/www.forretningsmodeludvikling.sdu.dk\/wp-content\/uploads\/2025\/01\/vaedi-og-kunde-300x300.png 300w, https:\/\/www.forretningsmodeludvikling.sdu.dk\/wp-content\/uploads\/2025\/01\/vaedi-og-kunde-150x150.png 150w\" sizes=\"auto, (max-width: 400px) 100vw, 400px\" \/><\/figure>\n","protected":false},"excerpt":{"rendered":"<p>Fremgangsm\u00e5de: Print A1 udgaver af v\u00e6rditrekanten og kunderejsen (to adskilte dokumenter) og fyld post-it sedler p\u00e5 under hvert punkt. Skriv 2-4 punkter som stikord til overskriften Hvilken v\u00e6rdi tilbyder jeres virksomhed for indev\u00e6rende? Brug v\u00e6rditrekanten &#8211; benyt v\u00e6rdidimensionerne fra v\u00e6rditrekanten. Hvem skaber vi v\u00e6rdi for? Hvilken v\u00e6rdi skal vi give vores kunder fremadrettet? Hvordan g\u00f8r [&hellip;]<\/p>\n","protected":false},"author":2,"featured_media":0,"parent":0,"menu_order":0,"comment_status":"closed","ping_status":"closed","template":"","meta":{"footnotes":""},"class_list":["post-277","page","type-page","status-publish","hentry"],"_links":{"self":[{"href":"https:\/\/www.forretningsmodeludvikling.sdu.dk\/index.php?rest_route=\/wp\/v2\/pages\/277","targetHints":{"allow":["GET"]}}],"collection":[{"href":"https:\/\/www.forretningsmodeludvikling.sdu.dk\/index.php?rest_route=\/wp\/v2\/pages"}],"about":[{"href":"https:\/\/www.forretningsmodeludvikling.sdu.dk\/index.php?rest_route=\/wp\/v2\/types\/page"}],"author":[{"embeddable":true,"href":"https:\/\/www.forretningsmodeludvikling.sdu.dk\/index.php?rest_route=\/wp\/v2\/users\/2"}],"replies":[{"embeddable":true,"href":"https:\/\/www.forretningsmodeludvikling.sdu.dk\/index.php?rest_route=%2Fwp%2Fv2%2Fcomments&post=277"}],"version-history":[{"count":1,"href":"https:\/\/www.forretningsmodeludvikling.sdu.dk\/index.php?rest_route=\/wp\/v2\/pages\/277\/revisions"}],"predecessor-version":[{"id":286,"href":"https:\/\/www.forretningsmodeludvikling.sdu.dk\/index.php?rest_route=\/wp\/v2\/pages\/277\/revisions\/286"}],"wp:attachment":[{"href":"https:\/\/www.forretningsmodeludvikling.sdu.dk\/index.php?rest_route=%2Fwp%2Fv2%2Fmedia&parent=277"}],"curies":[{"name":"wp","href":"https:\/\/api.w.org\/{rel}","templated":true}]}}