{"id":304,"date":"2025-01-13T10:28:25","date_gmt":"2025-01-13T10:28:25","guid":{"rendered":"https:\/\/www.forretningsmodeludvikling.sdu.dk\/?page_id=304"},"modified":"2025-01-13T10:28:25","modified_gmt":"2025-01-13T10:28:25","slug":"gruppearbejde-mellem-modul-2-3","status":"publish","type":"page","link":"https:\/\/www.forretningsmodeludvikling.sdu.dk\/?page_id=304","title":{"rendered":"Gruppearbejde mellem modul 2 &amp; 3"},"content":{"rendered":"\n<p class=\"has-large-font-size\"><strong>Hvordan vil I udf\u00f8re forandringen?<\/strong><\/p>\n\n\n\n<p>Hvori best\u00e5r de centrale fremmere &amp; barrierer? Hvordan vil I gribe forandringen an?<br>Forandring: Leverand\u00f8rside; i egen virksomhed og p\u00e5 kundesiden \u2013 spille sammen. Bruge leverand\u00f8rer, aktivere egne ressourcer og mobilisere kunder (udfordringer p\u00e5 markedet og med konkurrenterne)<br>Gruppen laver en PP pr\u00e6sentation (2-4 slides) forud for modul 3<\/p>\n\n\n\n<p>Frem til modul 3 vil vi bede jer overveje og forberede f\u00f8lgende sp\u00f8rgsm\u00e5l:<\/p>\n\n\n\n<p>1. Er det de rigtige og brugbare segmenter der kommer ud af segmenteringen (hvorfor\/hvorfor ikke)?<\/p>\n\n\n\n<p>2. Hvad er et bedre alternativ til segmenteringen (andre segmenter hvis den gennemf\u00f8rte segmentering ikke holder)?<\/p>\n\n\n\n<p>3. Afh\u00e6ngigt af de valgte segmenter, hvilke krav stiller segmenteringen \u00e6ndre\/\u00f8get v\u00e6rdiskabelse i det enkelte segment?<\/p>\n\n\n\n<p>4.&nbsp; Hvordan skal aktiviteterne\/arbejdsprocesserne implementeres i jeres virksomhed?<\/p>\n\n\n\n<p>5. Hvilke nye\/\u00e6ndrede kompetencer er der behov for?<\/p>\n\n\n\n<p>6. Hvordan og hvor hurtigt kan implementeringen af de nye segmenter finde sted? Hvad vil konsekvenserne v\u00e6re (\u00f8konomisk, branding, medarbejdere, motivation, m\u00e5l og milep\u00e6le ..)?<\/p>\n\n\n\n<p>Besvarelsen af sp\u00f8rgsm\u00e5lene foresl\u00e5r vi at I laver som bullitpoints p\u00e5 slides. Dvs. korte punkter til hvert sp\u00f8rgsm\u00e5l. I arbejder s\u00e5 videre med facilitatoren n\u00e6ste gang med udgangspunkt i bl.a. dette opl\u00e6g.<\/p>\n\n\n\n<p>I har nu arbejdet med jeres \u00f8nskede forretningsmodel, v\u00e6rdiskabelse og kundeprioritering (segmenter) \u2013 hvordan vil I nu oms\u00e6tte dette? Det kigger vi p\u00e5 i modul 3.<\/p>\n","protected":false},"excerpt":{"rendered":"<p>Hvordan vil I udf\u00f8re forandringen? Hvori best\u00e5r de centrale fremmere &amp; barrierer? Hvordan vil I gribe forandringen an?Forandring: Leverand\u00f8rside; i egen virksomhed og p\u00e5 kundesiden \u2013 spille sammen. Bruge leverand\u00f8rer, aktivere egne ressourcer og mobilisere kunder (udfordringer p\u00e5 markedet og med konkurrenterne)Gruppen laver en PP pr\u00e6sentation (2-4 slides) forud for modul 3 Frem til modul [&hellip;]<\/p>\n","protected":false},"author":2,"featured_media":0,"parent":0,"menu_order":0,"comment_status":"closed","ping_status":"closed","template":"","meta":{"footnotes":""},"class_list":["post-304","page","type-page","status-publish","hentry"],"_links":{"self":[{"href":"https:\/\/www.forretningsmodeludvikling.sdu.dk\/index.php?rest_route=\/wp\/v2\/pages\/304","targetHints":{"allow":["GET"]}}],"collection":[{"href":"https:\/\/www.forretningsmodeludvikling.sdu.dk\/index.php?rest_route=\/wp\/v2\/pages"}],"about":[{"href":"https:\/\/www.forretningsmodeludvikling.sdu.dk\/index.php?rest_route=\/wp\/v2\/types\/page"}],"author":[{"embeddable":true,"href":"https:\/\/www.forretningsmodeludvikling.sdu.dk\/index.php?rest_route=\/wp\/v2\/users\/2"}],"replies":[{"embeddable":true,"href":"https:\/\/www.forretningsmodeludvikling.sdu.dk\/index.php?rest_route=%2Fwp%2Fv2%2Fcomments&post=304"}],"version-history":[{"count":1,"href":"https:\/\/www.forretningsmodeludvikling.sdu.dk\/index.php?rest_route=\/wp\/v2\/pages\/304\/revisions"}],"predecessor-version":[{"id":310,"href":"https:\/\/www.forretningsmodeludvikling.sdu.dk\/index.php?rest_route=\/wp\/v2\/pages\/304\/revisions\/310"}],"wp:attachment":[{"href":"https:\/\/www.forretningsmodeludvikling.sdu.dk\/index.php?rest_route=%2Fwp%2Fv2%2Fmedia&parent=304"}],"curies":[{"name":"wp","href":"https:\/\/api.w.org\/{rel}","templated":true}]}}