{"id":382,"date":"2025-01-13T12:52:14","date_gmt":"2025-01-13T12:52:14","guid":{"rendered":"https:\/\/www.forretningsmodeludvikling.sdu.dk\/?page_id=382"},"modified":"2025-01-13T12:52:14","modified_gmt":"2025-01-13T12:52:14","slug":"segmentbeskrivelse-og-implementering-af-forretningsmodelaendring","status":"publish","type":"page","link":"https:\/\/www.forretningsmodeludvikling.sdu.dk\/?page_id=382","title":{"rendered":"Segmentbeskrivelse og implementering af forretningsmodel\u00e6ndring"},"content":{"rendered":"\n<p>Det g\u00e6lder her om at s\u00e6tte et par beskrivende stikord p\u00e5 segmentet og ligeledes p\u00e5 hvori forandringen best\u00e5r ift. forretningsmodellen.<\/p>\n\n\n\n<figure class=\"wp-block-table\"><table class=\"has-fixed-layout\"><tbody><tr><td>Segment beskrivelse<\/td><td>Segment forandringen<\/td><\/tr><\/tbody><\/table><\/figure>\n\n\n\n<figure class=\"wp-block-table\"><table class=\"has-fixed-layout\"><tbody><tr><td>Elementer i forretningsmodellen\u00a0<\/td><td>\u00c6ndringer i det enkelte element i forretningsmodellen \u00a0<\/td><\/tr><tr><td>V\u00e6rdi<\/td><td><\/td><\/tr><tr><td>Relationer til kunderne<\/td><td><\/td><\/tr><tr><td>Kanaler<\/td><td><\/td><\/tr><tr><td>Indtjeningsmodel<\/td><td><\/td><\/tr><tr><td>Omkostningsmodel<\/td><td><\/td><\/tr><tr><td>N\u00f8gle aktiviteter<\/td><td><\/td><\/tr><tr><td>N\u00f8gle ressorucer<\/td><td><\/td><\/tr><tr><td>N\u00f8gle leverand\u00f8rer<\/td><td><\/td><\/tr><tr><td>M\u00e5l og ambitioner<\/td><td><\/td><\/tr><tr><td>Positionering i netv\u00e6rket<\/td><td><\/td><\/tr><\/tbody><\/table><\/figure>\n\n\n\n<p><a href=\"https:\/\/www.forretningsmodeludvikling.sdu.dk\/uploads\/images\/segment%201.docx\">Hent ovenst\u00e5ende tabel som Word-fil her<\/a><\/p>\n\n\n\n<p><strong>Gruppe\u00f8velse<\/strong>\u00a0(ca. 90 min): I har nu mulighed for at beskrive n\u00f8glesegmentet og hvordan det skiller sig ud fra de andre segmenter. I g\u00e5r nu systematisk hele kanvasset igennem (elementer i forretningsmodellen) og skriver stikord til, hvilke \u00e6ndringer i det enkelte element, som netop dette segment kr\u00e6ver.<br>V\u00e6lg nu en der styrer pennen og g\u00e5 i gang med skemaet. Print to eksemplarer af ovenst\u00e5ende skema og udfyld det i gruppen for jeres to udvalgte n\u00f8glesegmenter. Forud for gruppe\u00f8velsen er det en god id\u00e9 at printe en A1 poster af det udvidede business model canvas. Det kan v\u00e6re vanskeligt at huske kanvasset udenad og det hj\u00e6lper dermed at have modellen visuelt foran sig, n\u00e5r den skal relateres til segmentet. Dette hj\u00e6lper n\u00e5r kobling mellem segment og forretningsmodel laves. Kanvasset har 11 punkter, men da vi her tager udgangspunkt i segmenterne giver dette 10 andre punkter at udfylde. Det er mere kr\u00e6vende end det ser ud, men det har fungeret godt i testforl\u00f8b.<\/p>\n\n\n\n<figure class=\"wp-block-image aligncenter size-full wp-duotone-duotone-5\"><img loading=\"lazy\" decoding=\"async\" width=\"400\" height=\"400\" src=\"https:\/\/www.forretningsmodeludvikling.sdu.dk\/wp-content\/uploads\/2025\/01\/segmenteringsbeskrivelse-og-implementering.png\" alt=\"\" class=\"wp-image-388\" srcset=\"https:\/\/www.forretningsmodeludvikling.sdu.dk\/wp-content\/uploads\/2025\/01\/segmenteringsbeskrivelse-og-implementering.png 400w, https:\/\/www.forretningsmodeludvikling.sdu.dk\/wp-content\/uploads\/2025\/01\/segmenteringsbeskrivelse-og-implementering-300x300.png 300w, https:\/\/www.forretningsmodeludvikling.sdu.dk\/wp-content\/uploads\/2025\/01\/segmenteringsbeskrivelse-og-implementering-150x150.png 150w\" sizes=\"auto, (max-width: 400px) 100vw, 400px\" \/><\/figure>\n\n\n\n<p class=\"has-large-font-size\">The Business Model &#8211; revisited<\/p>\n\n\n\n<figure class=\"wp-block-image size-full\"><img loading=\"lazy\" decoding=\"async\" width=\"650\" height=\"480\" src=\"https:\/\/www.forretningsmodeludvikling.sdu.dk\/wp-content\/uploads\/2025\/01\/BMC-modelnynyny-1.jpg\" alt=\"\" class=\"wp-image-391\" srcset=\"https:\/\/www.forretningsmodeludvikling.sdu.dk\/wp-content\/uploads\/2025\/01\/BMC-modelnynyny-1.jpg 650w, https:\/\/www.forretningsmodeludvikling.sdu.dk\/wp-content\/uploads\/2025\/01\/BMC-modelnynyny-1-300x222.jpg 300w\" sizes=\"auto, (max-width: 650px) 100vw, 650px\" \/><figcaption class=\"wp-element-caption\">Osterwalder &amp; Pigneur 2009, Morris et al 2005, Markiedes 2006<\/figcaption><\/figure>\n\n\n\n<p><\/p>\n","protected":false},"excerpt":{"rendered":"<p>Det g\u00e6lder her om at s\u00e6tte et par beskrivende stikord p\u00e5 segmentet og ligeledes p\u00e5 hvori forandringen best\u00e5r ift. forretningsmodellen. Segment beskrivelse Segment forandringen Elementer i forretningsmodellen\u00a0 \u00c6ndringer i det enkelte element i forretningsmodellen \u00a0 V\u00e6rdi Relationer til kunderne Kanaler Indtjeningsmodel Omkostningsmodel N\u00f8gle aktiviteter N\u00f8gle ressorucer N\u00f8gle leverand\u00f8rer M\u00e5l og ambitioner Positionering i netv\u00e6rket Hent [&hellip;]<\/p>\n","protected":false},"author":2,"featured_media":0,"parent":0,"menu_order":0,"comment_status":"closed","ping_status":"closed","template":"","meta":{"footnotes":""},"class_list":["post-382","page","type-page","status-publish","hentry"],"_links":{"self":[{"href":"https:\/\/www.forretningsmodeludvikling.sdu.dk\/index.php?rest_route=\/wp\/v2\/pages\/382","targetHints":{"allow":["GET"]}}],"collection":[{"href":"https:\/\/www.forretningsmodeludvikling.sdu.dk\/index.php?rest_route=\/wp\/v2\/pages"}],"about":[{"href":"https:\/\/www.forretningsmodeludvikling.sdu.dk\/index.php?rest_route=\/wp\/v2\/types\/page"}],"author":[{"embeddable":true,"href":"https:\/\/www.forretningsmodeludvikling.sdu.dk\/index.php?rest_route=\/wp\/v2\/users\/2"}],"replies":[{"embeddable":true,"href":"https:\/\/www.forretningsmodeludvikling.sdu.dk\/index.php?rest_route=%2Fwp%2Fv2%2Fcomments&post=382"}],"version-history":[{"count":1,"href":"https:\/\/www.forretningsmodeludvikling.sdu.dk\/index.php?rest_route=\/wp\/v2\/pages\/382\/revisions"}],"predecessor-version":[{"id":394,"href":"https:\/\/www.forretningsmodeludvikling.sdu.dk\/index.php?rest_route=\/wp\/v2\/pages\/382\/revisions\/394"}],"wp:attachment":[{"href":"https:\/\/www.forretningsmodeludvikling.sdu.dk\/index.php?rest_route=%2Fwp%2Fv2%2Fmedia&parent=382"}],"curies":[{"name":"wp","href":"https:\/\/api.w.org\/{rel}","templated":true}]}}