{"id":397,"date":"2025-01-13T13:05:52","date_gmt":"2025-01-13T13:05:52","guid":{"rendered":"https:\/\/www.forretningsmodeludvikling.sdu.dk\/?page_id=397"},"modified":"2025-01-13T13:07:49","modified_gmt":"2025-01-13T13:07:49","slug":"vaerktojer-og-modeller-til-understottelse-af-implementeringen-af-en-aendret-forretningsmodel","status":"publish","type":"page","link":"https:\/\/www.forretningsmodeludvikling.sdu.dk\/?page_id=397","title":{"rendered":"V\u00e6rkt\u00f8jer og modeller til underst\u00f8ttelse af implementeringen af en \u00e6ndret forretningsmodel"},"content":{"rendered":"\n<p>I det f\u00f8lgende handler det om at foretage en ansvarsplacering for de forandringstiltag, der skal initieres. Hvem er ansvarlig for milep\u00e6le\/succeser, hvilket betyder at virksomheden er n\u00f8dt til at tage resurseallokeringen og tidsforbruget forbundet med innovation af forretningsmodellen seri\u00f8st. Det handler desuden om timing &amp; ansvar for opf\u00f8lgning for tiltag.<\/p>\n\n\n\n<p>Segment:_______________________________________________<\/p>\n\n\n\n<figure class=\"wp-block-table alignwide\"><table class=\"has-fixed-layout\"><tbody><tr><td>Elementer i forretningsmodellen<\/td><td>Hvorn\u00e5r skal \u00e6ndringen finde sted? Hvilke interne og eksterne stakeholders skal involveres?<\/td><td>Hvem er ansvarlog for forandringen? Hvilke milep\u00e6le\/m\u00e5lepunkter er der?<\/td><\/tr><tr><td>V\u00e6rdi<\/td><td><\/td><td><\/td><\/tr><tr><td>Relationer til kunderne<\/td><td><\/td><td><\/td><\/tr><tr><td>Kanaler<\/td><td><\/td><td><\/td><\/tr><tr><td>Indtjeningsmodel<\/td><td><\/td><td><\/td><\/tr><tr><td>Omkostningsmodel<\/td><td><\/td><td><\/td><\/tr><tr><td>N\u00f8gle aktiviteter<\/td><td><\/td><td><\/td><\/tr><tr><td>N\u00f8gle ressorucer<\/td><td><\/td><td><\/td><\/tr><tr><td>N\u00f8gle leverand\u00f8rer<\/td><td><\/td><td><\/td><\/tr><tr><td>M\u00e5l og ambitioner<\/td><td><\/td><td><\/td><\/tr><tr><td>Positionering i netv\u00e6rket<\/td><td><\/td><td><\/td><\/tr><\/tbody><\/table><\/figure>\n\n\n\n<p><a href=\"https:\/\/www.forretningsmodeludvikling.sdu.dk\/uploads\/images\/segment%202.docx\">Hent ovenst\u00e5ende tabel som Word-fil her<\/a><\/p>\n\n\n\n<p><strong>Gruppe\u00f8velse<\/strong>&nbsp;(ca. 40 min): V\u00e6lg nu en der styrer pennen og g\u00e5 i gang med skemaet. I g\u00e5r nu i dybden med hvem der g\u00f8r hvad i jeres forandring af forretningsmodellen. G\u00e5 punkterne fra kanvasset igennem som I fandt frem til i \u00f8velsen ovenfor: Hvorn\u00e5r skal \u00e6ndringen finde sted? Hvilke interne og eksterne interessenter skal involveres?<\/p>\n\n\n\n<p>Dern\u00e6st, hvem er ansvarlig for forandringen? Hvilke milep\u00e6le vil I opstille for processen?<\/p>\n\n\n\n<figure class=\"wp-block-image aligncenter size-full wp-duotone-duotone-5\"><img loading=\"lazy\" decoding=\"async\" width=\"400\" height=\"400\" src=\"https:\/\/www.forretningsmodeludvikling.sdu.dk\/wp-content\/uploads\/2025\/01\/vaerktojer-og-modeller.png\" alt=\"\" class=\"wp-image-403\" srcset=\"https:\/\/www.forretningsmodeludvikling.sdu.dk\/wp-content\/uploads\/2025\/01\/vaerktojer-og-modeller.png 400w, https:\/\/www.forretningsmodeludvikling.sdu.dk\/wp-content\/uploads\/2025\/01\/vaerktojer-og-modeller-300x300.png 300w, https:\/\/www.forretningsmodeludvikling.sdu.dk\/wp-content\/uploads\/2025\/01\/vaerktojer-og-modeller-150x150.png 150w\" sizes=\"auto, (max-width: 400px) 100vw, 400px\" \/><\/figure>\n","protected":false},"excerpt":{"rendered":"<p>I det f\u00f8lgende handler det om at foretage en ansvarsplacering for de forandringstiltag, der skal initieres. Hvem er ansvarlig for milep\u00e6le\/succeser, hvilket betyder at virksomheden er n\u00f8dt til at tage resurseallokeringen og tidsforbruget forbundet med innovation af forretningsmodellen seri\u00f8st. Det handler desuden om timing &amp; ansvar for opf\u00f8lgning for tiltag. Segment:_______________________________________________ Elementer i forretningsmodellen Hvorn\u00e5r [&hellip;]<\/p>\n","protected":false},"author":2,"featured_media":0,"parent":0,"menu_order":0,"comment_status":"closed","ping_status":"closed","template":"","meta":{"footnotes":""},"class_list":["post-397","page","type-page","status-publish","hentry"],"_links":{"self":[{"href":"https:\/\/www.forretningsmodeludvikling.sdu.dk\/index.php?rest_route=\/wp\/v2\/pages\/397","targetHints":{"allow":["GET"]}}],"collection":[{"href":"https:\/\/www.forretningsmodeludvikling.sdu.dk\/index.php?rest_route=\/wp\/v2\/pages"}],"about":[{"href":"https:\/\/www.forretningsmodeludvikling.sdu.dk\/index.php?rest_route=\/wp\/v2\/types\/page"}],"author":[{"embeddable":true,"href":"https:\/\/www.forretningsmodeludvikling.sdu.dk\/index.php?rest_route=\/wp\/v2\/users\/2"}],"replies":[{"embeddable":true,"href":"https:\/\/www.forretningsmodeludvikling.sdu.dk\/index.php?rest_route=%2Fwp%2Fv2%2Fcomments&post=397"}],"version-history":[{"count":4,"href":"https:\/\/www.forretningsmodeludvikling.sdu.dk\/index.php?rest_route=\/wp\/v2\/pages\/397\/revisions"}],"predecessor-version":[{"id":415,"href":"https:\/\/www.forretningsmodeludvikling.sdu.dk\/index.php?rest_route=\/wp\/v2\/pages\/397\/revisions\/415"}],"wp:attachment":[{"href":"https:\/\/www.forretningsmodeludvikling.sdu.dk\/index.php?rest_route=%2Fwp%2Fv2%2Fmedia&parent=397"}],"curies":[{"name":"wp","href":"https:\/\/api.w.org\/{rel}","templated":true}]}}