{"id":457,"date":"2025-01-15T11:42:11","date_gmt":"2025-01-15T11:42:11","guid":{"rendered":"https:\/\/www.forretningsmodeludvikling.sdu.dk\/?page_id=457"},"modified":"2025-01-15T12:01:35","modified_gmt":"2025-01-15T12:01:35","slug":"hvor-nemt-bliver-det-at-gennemfore-forandringen-hvor-solidt-er-segmentet","status":"publish","type":"page","link":"https:\/\/www.forretningsmodeludvikling.sdu.dk\/?page_id=457","title":{"rendered":"Hvor nemt bliver det at gennemf\u00f8re forandringen \u2013 hvor solidt er segmentet?"},"content":{"rendered":"\n<p>I den tredje \u00f8velse testes eller evalueres segmentet ud fra 5 kriterier om markedsm\u00e6ssig v\u00e6rdi af innovationstiltag. Disse er relativ fordel, forenelighed, kompleksitet, delelighed og kommunikerbarhed. Test af segmentet efter disse kriterier vil v\u00e6re vanskeligt at udfylde ved starten af en implementeringsproces. Derfor kan det give god mening at anvende og revurdere indholdet i skemaet flere gange i implementeringsprocessen. Dermed trykpr\u00f8ver man kvaliteten af sin egen implementering l\u00f8bende i processen og dermed forventes det at succesraten kan \u00f8ges.<\/p>\n\n\n\n<p>Segment:_________________________________________________<\/p>\n\n\n\n<p>Samlet evaluering af forandring af segmentet.<\/p>\n\n\n\n<figure class=\"wp-block-table alignwide\"><table class=\"has-fixed-layout\"><tbody><tr><td><\/td><td><\/td><td>Hvordan sikre?<\/td><td>Hvem sikrer?<\/td><\/tr><tr><td><strong>Relativ fordel<\/strong><\/td><td><br>I hvilket omfang giver \u00e6ndringen af segmentet en overlegen \u201dl\u00f8sning\u201d for kunden?&nbsp;<\/td><td><\/td><td><\/td><\/tr><tr><td><strong>Forenelighed<\/strong><\/td><td>I hvilket omfang kr\u00e6ver det \u00e6ndringer af best\u00e5ende m\u00e5der at l\u00f8se opgaver p\u00e5?<\/td><td><\/td><td><\/td><\/tr><tr><td><strong>Kompleksitet<\/strong><\/td><td>Hvor let er det at forst\u00e5 og levere den nye \u201dl\u00f8sning\u201d til kunden?<\/td><td><\/td><td><\/td><\/tr><tr><td><strong>Delelighed<\/strong><\/td><td>I hvilket omfang kan \u00e6ndringen implementeres uden at ber\u00f8re andre omr\u00e5der i virksomheden?<\/td><td><\/td><td><\/td><\/tr><tr><td><strong>Kommunikerbarhed<\/strong><\/td><td>Hvor nemt er det forklare kunden om fordelene ved \u00e6ndringen? (Kan kunden opleve\/se \u00e6ndringen?)<\/td><td><\/td><td><\/td><\/tr><\/tbody><\/table><\/figure>\n\n\n\n<p><a href=\"https:\/\/www.forretningsmodeludvikling.sdu.dk\/uploads\/images\/segment%203.docx\">Hent ovenst\u00e5ende tabel som Word-fil her<\/a><\/p>\n\n\n\n<p><strong>Gruppe\u00f8velse<\/strong>&nbsp;(ca. 30 min): Udfyld skemaet i gruppen og test dermed kvalitet og relevans af jeres segmentering.<\/p>\n\n\n\n<figure class=\"wp-block-image aligncenter size-full wp-duotone-duotone-5\"><img loading=\"lazy\" decoding=\"async\" width=\"400\" height=\"400\" src=\"https:\/\/www.forretningsmodeludvikling.sdu.dk\/wp-content\/uploads\/2025\/01\/hvor-nemt-bliver-det.png\" alt=\"\" class=\"wp-image-463\" srcset=\"https:\/\/www.forretningsmodeludvikling.sdu.dk\/wp-content\/uploads\/2025\/01\/hvor-nemt-bliver-det.png 400w, https:\/\/www.forretningsmodeludvikling.sdu.dk\/wp-content\/uploads\/2025\/01\/hvor-nemt-bliver-det-300x300.png 300w, https:\/\/www.forretningsmodeludvikling.sdu.dk\/wp-content\/uploads\/2025\/01\/hvor-nemt-bliver-det-150x150.png 150w\" sizes=\"auto, (max-width: 400px) 100vw, 400px\" \/><\/figure>\n","protected":false},"excerpt":{"rendered":"<p>I den tredje \u00f8velse testes eller evalueres segmentet ud fra 5 kriterier om markedsm\u00e6ssig v\u00e6rdi af innovationstiltag. Disse er relativ fordel, forenelighed, kompleksitet, delelighed og kommunikerbarhed. Test af segmentet efter disse kriterier vil v\u00e6re vanskeligt at udfylde ved starten af en implementeringsproces. Derfor kan det give god mening at anvende og revurdere indholdet i skemaet [&hellip;]<\/p>\n","protected":false},"author":2,"featured_media":0,"parent":0,"menu_order":0,"comment_status":"closed","ping_status":"closed","template":"","meta":{"footnotes":""},"class_list":["post-457","page","type-page","status-publish","hentry"],"_links":{"self":[{"href":"https:\/\/www.forretningsmodeludvikling.sdu.dk\/index.php?rest_route=\/wp\/v2\/pages\/457","targetHints":{"allow":["GET"]}}],"collection":[{"href":"https:\/\/www.forretningsmodeludvikling.sdu.dk\/index.php?rest_route=\/wp\/v2\/pages"}],"about":[{"href":"https:\/\/www.forretningsmodeludvikling.sdu.dk\/index.php?rest_route=\/wp\/v2\/types\/page"}],"author":[{"embeddable":true,"href":"https:\/\/www.forretningsmodeludvikling.sdu.dk\/index.php?rest_route=\/wp\/v2\/users\/2"}],"replies":[{"embeddable":true,"href":"https:\/\/www.forretningsmodeludvikling.sdu.dk\/index.php?rest_route=%2Fwp%2Fv2%2Fcomments&post=457"}],"version-history":[{"count":2,"href":"https:\/\/www.forretningsmodeludvikling.sdu.dk\/index.php?rest_route=\/wp\/v2\/pages\/457\/revisions"}],"predecessor-version":[{"id":481,"href":"https:\/\/www.forretningsmodeludvikling.sdu.dk\/index.php?rest_route=\/wp\/v2\/pages\/457\/revisions\/481"}],"wp:attachment":[{"href":"https:\/\/www.forretningsmodeludvikling.sdu.dk\/index.php?rest_route=%2Fwp%2Fv2%2Fmedia&parent=457"}],"curies":[{"name":"wp","href":"https:\/\/api.w.org\/{rel}","templated":true}]}}