{"id":79,"date":"2025-01-13T08:46:00","date_gmt":"2025-01-13T08:46:00","guid":{"rendered":"https:\/\/www.forretningsmodeludvikling.sdu.dk\/?page_id=79"},"modified":"2025-01-13T08:46:00","modified_gmt":"2025-01-13T08:46:00","slug":"workshopforlobet","status":"publish","type":"page","link":"https:\/\/www.forretningsmodeludvikling.sdu.dk\/?page_id=79","title":{"rendered":"Workshopforl\u00f8bet"},"content":{"rendered":"\n<p>Workshopforl\u00f8bet har fokus p\u00e5 at udvikle virksomhedens forretningsmodel og kundeprioritering. I forl\u00f8bet introduceres virksomhederne til en struktur for forretningsmodeludvikling. Metoden er udviklet og gennemtestet i et forskningsprojekt i den grafiske branche. V\u00e6rkt\u00f8jerne er her afpr\u00f8vet p\u00e5 en r\u00e6kke grafiske virksomheder gennem forl\u00f8b af 2-3 m\u00e5neders varighed med hver virksomhed. Se: \u201dDen Grafiske Branche under forandring &#8211; nye forretningsmodeller og ydelsestyper under udvikling i den grafiske branche\u201d.<\/p>\n\n\n\n<p>Link: &nbsp;<a href=\"http:\/\/www.grakom.dk\/media\/3864\/den-grafiske-branche-under-forandring-sdu-rapport.pdf\">http:\/\/www.grakom.dk\/media\/3864\/den-grafiske-branche-under-forandring-sdu-rapport.pdf<\/a>&nbsp;<\/p>\n\n\n\n<p>Modulerne er ydermere afpr\u00f8vet via et s\u00e6rskilt workshop testforl\u00f8b med tre forskellige grafiske virksomheder over to m\u00e5neder.&nbsp;<\/p>\n\n\n\n<p>I l\u00f8bet af arbejdet med modulerne finder en konkretisering og systematisering af tilgangen til forretningsmodeludvikling sted. Virksomheden kan v\u00e6lge at facilitere forl\u00f8bet internt eller evt. med en ekstern partner til at drive processen p\u00e5 baggrund af konceptualisering, v\u00e6rkt\u00f8jer og procesbeskrivelse, der findes her p\u00e5 siden. Det er vores erfaring at det kan v\u00e6re s\u00e6rdeles vanskeligt for en virksomhed at styre processen og vidensl\u00f8fte internt og vi anbefaler derfor at der benyttes en ekstern partner til at gennemf\u00f8re modulerne.<\/p>\n\n\n\n<p>Id\u00e9en er at virksomheden selv arbejder videre med at oms\u00e6tte v\u00e6rkt\u00f8jerne mellem workshopdagene\/modulerne. Virksomheden f\u00e5r herved bl.a. et afs\u00e6t til implementering af forandring af virksomhedens forretningsmodel, der bygger p\u00e5 forskningsbaseret viden og innovation.&nbsp;<\/p>\n\n\n\n<p>Forl\u00f8bet er udviklet af forskere med brancheviden og der anvendes anerkendte modeller for strategisk udvikling i forl\u00f8bet.<\/p>\n\n\n\n<p><\/p>\n\n\n\n<h2 class=\"wp-block-heading has-large-font-size\">Output for virksomheden er bl.a.:&nbsp;<\/h2>\n\n\n\n<p>\u2022 overblik over virksomhedens strategiske situation<\/p>\n\n\n\n<p>\u2022 adgang til v\u00e6rkt\u00f8jer, der kan m\u00e5lrette virksomhedens kundeindsats<\/p>\n\n\n\n<p>\u2022 forbedret evne til at oms\u00e6tte virksomhedens strategiske m\u00e5l i praksis<\/p>\n\n\n\n<figure class=\"wp-block-image size-full\"><img loading=\"lazy\" decoding=\"async\" width=\"1000\" height=\"947\" src=\"https:\/\/www.forretningsmodeludvikling.sdu.dk\/wp-content\/uploads\/2025\/01\/Tavle_m_smaa_tegninger.png\" alt=\"\" class=\"wp-image-85\" srcset=\"https:\/\/www.forretningsmodeludvikling.sdu.dk\/wp-content\/uploads\/2025\/01\/Tavle_m_smaa_tegninger.png 1000w, https:\/\/www.forretningsmodeludvikling.sdu.dk\/wp-content\/uploads\/2025\/01\/Tavle_m_smaa_tegninger-300x284.png 300w, https:\/\/www.forretningsmodeludvikling.sdu.dk\/wp-content\/uploads\/2025\/01\/Tavle_m_smaa_tegninger-768x727.png 768w\" sizes=\"auto, (max-width: 1000px) 100vw, 1000px\" \/><\/figure>\n","protected":false},"excerpt":{"rendered":"<p>Workshopforl\u00f8bet har fokus p\u00e5 at udvikle virksomhedens forretningsmodel og kundeprioritering. I forl\u00f8bet introduceres virksomhederne til en struktur for forretningsmodeludvikling. Metoden er udviklet og gennemtestet i et forskningsprojekt i den grafiske branche. V\u00e6rkt\u00f8jerne er her afpr\u00f8vet p\u00e5 en r\u00e6kke grafiske virksomheder gennem forl\u00f8b af 2-3 m\u00e5neders varighed med hver virksomhed. Se: \u201dDen Grafiske Branche under forandring [&hellip;]<\/p>\n","protected":false},"author":2,"featured_media":0,"parent":0,"menu_order":0,"comment_status":"closed","ping_status":"closed","template":"","meta":{"footnotes":""},"class_list":["post-79","page","type-page","status-publish","hentry"],"_links":{"self":[{"href":"https:\/\/www.forretningsmodeludvikling.sdu.dk\/index.php?rest_route=\/wp\/v2\/pages\/79","targetHints":{"allow":["GET"]}}],"collection":[{"href":"https:\/\/www.forretningsmodeludvikling.sdu.dk\/index.php?rest_route=\/wp\/v2\/pages"}],"about":[{"href":"https:\/\/www.forretningsmodeludvikling.sdu.dk\/index.php?rest_route=\/wp\/v2\/types\/page"}],"author":[{"embeddable":true,"href":"https:\/\/www.forretningsmodeludvikling.sdu.dk\/index.php?rest_route=\/wp\/v2\/users\/2"}],"replies":[{"embeddable":true,"href":"https:\/\/www.forretningsmodeludvikling.sdu.dk\/index.php?rest_route=%2Fwp%2Fv2%2Fcomments&post=79"}],"version-history":[{"count":1,"href":"https:\/\/www.forretningsmodeludvikling.sdu.dk\/index.php?rest_route=\/wp\/v2\/pages\/79\/revisions"}],"predecessor-version":[{"id":88,"href":"https:\/\/www.forretningsmodeludvikling.sdu.dk\/index.php?rest_route=\/wp\/v2\/pages\/79\/revisions\/88"}],"wp:attachment":[{"href":"https:\/\/www.forretningsmodeludvikling.sdu.dk\/index.php?rest_route=%2Fwp%2Fv2%2Fmedia&parent=79"}],"curies":[{"name":"wp","href":"https:\/\/api.w.org\/{rel}","templated":true}]}}