{"id":94,"date":"2025-01-13T08:48:30","date_gmt":"2025-01-13T08:48:30","guid":{"rendered":"https:\/\/www.forretningsmodeludvikling.sdu.dk\/?page_id=94"},"modified":"2025-01-15T11:25:13","modified_gmt":"2025-01-15T11:25:13","slug":"modul-1","status":"publish","type":"page","link":"https:\/\/www.forretningsmodeludvikling.sdu.dk\/?page_id=94","title":{"rendered":"Modul 1"},"content":{"rendered":"\n<h2 class=\"wp-block-heading has-large-font-size\">Form\u00e5l<\/h2>\n\n\n\n<p>Form\u00e5et med modul 1 er at afd\u00e6kke virksomhedens strategiske situation samt at blive skarpere p\u00e5 forskellen mellem den nuv\u00e6rende og den \u00f8nskede forretningsmodel. Herunder hvori de nuv\u00e6rende muligheder og udfordringer best\u00e5r for at drive forretning p\u00e5 det p\u00e5g\u00e6ldende marked.<\/p>\n\n\n\n<p>Alts\u00e5: Hvad er vores strategiske situation (udfordringer og muligheder)?<\/p>\n\n\n\n<p>&#8211; Hvilke styrkepositioner har vi ift. konkurrenter?<\/p>\n\n\n\n<p>&#8211; Hvilke overordnede trends er der i markedet?<\/p>\n\n\n\n<p>&#8211; Er der brancheglidninger?<\/p>\n\n\n\n<p>&#8211; Hvori best\u00e5r de konkrete m\u00e5ls\u00e6tninger for vores udvikling?<\/p>\n\n\n\n<p><\/p>\n\n\n\n<h2 class=\"wp-block-heading has-large-font-size\">Hvad er en forretningsmodel?<\/h2>\n\n\n\n<p>En forretningsmodel er en grundl\u00e6ggende forst\u00e5else af virksomhedens evne til at udvikle v\u00e6rdi i samspillet med interne og eksterne interessenter baseret p\u00e5 foreg\u00e5ende valg. En forretningsmodel anvendes til at skabe overblik over en virksomheds centrale bestanddele og de sammenh\u00e6nge, som eksisterer imellem disse. Forretningsmodeller s\u00e6tter fokus p\u00e5 tre klassiske strategiske sp\u00f8rgsm\u00e5l: 1) Hvad er vores strategiske position? 2) Hvilken strategisk position \u00f8nsker vi at indtage? 3) Hvordan kan vi opn\u00e5 den strategiske position som vi \u00f8nsker at indtage? Arbejdet med forretningsmodellen skal konkret hj\u00e6lpe jer med at stille sp\u00f8rgsm\u00e5lstegn ved virksomhedens nuv\u00e6rende forretningsgrundlag og herefter rette fokus hen imod, hvordan forretningsmodellen kan udvikles og innoveres.<\/p>\n\n\n\n<p>Forretningsmodeller er et relativt nyt forskningsomr\u00e5de og der er mange forskellige bud p\u00e5, hvad forretningsmodeller er:<\/p>\n\n\n\n<p>1. En oversigt over hvordan en virksomhed vil tjene penge og opretholde sit overskud over tid (Stewart og Zhao, 2000).<\/p>\n\n\n\n<p>2. En forretningsmodel ramme kan betragtes som et redskab i strategiarbejdet, da det angiver mellemregningerne fra strategi til drift (M\u00e4kinen &amp; Sepp\u00e4nen 2007).<\/p>\n\n\n\n<p>3. &#8220;&#8230; Et v\u00e6rkt\u00f8j til f\u00e6lles og co-creation strategiarbejde&#8221; af Hacklin &amp; Walln\u00f6fe (2012, P184). &#8220;En forretningsmodel viser hvordan en organisation skaber, leverer og indfanger v\u00e6rdi. &#8220;Osterwalde &amp; Pigeur 2009, s. 14.<\/p>\n\n\n\n<hr class=\"wp-block-separator has-alpha-channel-opacity is-style-dots\"\/>\n\n\n\n<div class=\"wp-block-buttons alignwide is-content-justification-center is-layout-flex wp-container-core-buttons-is-layout-749adb30 wp-block-buttons-is-layout-flex\">\n<div class=\"wp-block-button\"><a class=\"wp-block-button__link wp-element-button\" href=\"https:\/\/www.forretningsmodeludvikling.sdu.dk\/?page_id=103\" style=\"padding-top:var(--wp--preset--spacing--10);padding-bottom:var(--wp--preset--spacing--10)\">Business Model Canvas (BMC)<\/a><\/div>\n\n\n\n<div class=\"wp-block-button\"><a class=\"wp-block-button__link wp-element-button\" href=\"https:\/\/www.forretningsmodeludvikling.sdu.dk\/?page_id=163\" style=\"padding-top:var(--wp--preset--spacing--10);padding-bottom:var(--wp--preset--spacing--10)\">C-MOST modellen<\/a><\/div>\n\n\n\n<div class=\"wp-block-button\"><a class=\"wp-block-button__link wp-element-button\" href=\"https:\/\/www.forretningsmodeludvikling.sdu.dk\/?page_id=199\" style=\"padding-top:var(--wp--preset--spacing--10);padding-bottom:var(--wp--preset--spacing--10)\">Sammenh\u00e6ng mellem BMC og C-MOST<\/a><\/div>\n\n\n\n<div class=\"wp-block-button\"><a class=\"wp-block-button__link wp-element-button\" href=\"https:\/\/www.forretningsmodeludvikling.sdu.dk\/?page_id=220\" style=\"padding-top:var(--wp--preset--spacing--10);padding-bottom:var(--wp--preset--spacing--10)\">Opsamling p\u00e5 BMC og C-MOST modellerne<\/a><\/div>\n<\/div>\n\n\n\n<p><\/p>\n","protected":false},"excerpt":{"rendered":"<p>Form\u00e5l Form\u00e5et med modul 1 er at afd\u00e6kke virksomhedens strategiske situation samt at blive skarpere p\u00e5 forskellen mellem den nuv\u00e6rende og den \u00f8nskede forretningsmodel. Herunder hvori de nuv\u00e6rende muligheder og udfordringer best\u00e5r for at drive forretning p\u00e5 det p\u00e5g\u00e6ldende marked. Alts\u00e5: Hvad er vores strategiske situation (udfordringer og muligheder)? &#8211; Hvilke styrkepositioner har vi ift. [&hellip;]<\/p>\n","protected":false},"author":2,"featured_media":0,"parent":0,"menu_order":0,"comment_status":"closed","ping_status":"closed","template":"","meta":{"footnotes":""},"class_list":["post-94","page","type-page","status-publish","hentry"],"_links":{"self":[{"href":"https:\/\/www.forretningsmodeludvikling.sdu.dk\/index.php?rest_route=\/wp\/v2\/pages\/94","targetHints":{"allow":["GET"]}}],"collection":[{"href":"https:\/\/www.forretningsmodeludvikling.sdu.dk\/index.php?rest_route=\/wp\/v2\/pages"}],"about":[{"href":"https:\/\/www.forretningsmodeludvikling.sdu.dk\/index.php?rest_route=\/wp\/v2\/types\/page"}],"author":[{"embeddable":true,"href":"https:\/\/www.forretningsmodeludvikling.sdu.dk\/index.php?rest_route=\/wp\/v2\/users\/2"}],"replies":[{"embeddable":true,"href":"https:\/\/www.forretningsmodeludvikling.sdu.dk\/index.php?rest_route=%2Fwp%2Fv2%2Fcomments&post=94"}],"version-history":[{"count":8,"href":"https:\/\/www.forretningsmodeludvikling.sdu.dk\/index.php?rest_route=\/wp\/v2\/pages\/94\/revisions"}],"predecessor-version":[{"id":436,"href":"https:\/\/www.forretningsmodeludvikling.sdu.dk\/index.php?rest_route=\/wp\/v2\/pages\/94\/revisions\/436"}],"wp:attachment":[{"href":"https:\/\/www.forretningsmodeludvikling.sdu.dk\/index.php?rest_route=%2Fwp%2Fv2%2Fmedia&parent=94"}],"curies":[{"name":"wp","href":"https:\/\/api.w.org\/{rel}","templated":true}]}}